{"id":916,"date":"2023-05-26T17:48:54","date_gmt":"2023-05-26T17:48:54","guid":{"rendered":"https:\/\/medicalgreen.com\/en\/?post_type=product&#038;p=916"},"modified":"2023-05-26T17:49:03","modified_gmt":"2023-05-26T17:49:03","slug":"chromium-picolinate-plus-l-carnitine","status":"publish","type":"product","link":"https:\/\/medicalgreen.com\/en\/product\/chromium-picolinate-plus-l-carnitine\/","title":{"rendered":"CHROMIUM PICOLINATE PLUS L-CARNITINE"},"content":{"rendered":"<p>Cromo Picolinato de 250 mcg con L carnitina 100 mg. Oligoelemento.<\/p>\n<ul>\n<li><strong>Presentaci\u00f3n:<\/strong> 100 Tabletas.<\/li>\n<li><strong>Modo de Uso: <\/strong>Adultos, tomar una (1) tableta diaria.<\/li>\n<li><strong>M\u00e9todo de Conservaci\u00f3n:<\/strong> Mantener en un lugar seco a temperatura inferior a 86\u00baF (30 \u00baC) y HR de 65%.<\/li>\n<\/ul>\n<p><b>-Mant\u00e9ngase<\/b><strong> fuera del alcance de los ni\u00f1os.<\/strong><\/p>\n<p>-NO CONSUMIR EN ESTADO DE EMBARAZO O LACTANCIA.<\/p>\n<p><strong><em>ADVERTENCIA<\/em>: <\/strong>Este producto es un suplemento dietario, no es un medicamento y no suple una alimentaci\u00f3n equilibrada. Hipersensibilidad a los componentes de la plantas. Ni\u00f1os menores de 12 a\u00f1os.<\/p>\n<p><strong>Registro INVIMA: <\/strong>SD2013-0002685<\/p>\n","protected":false},"excerpt":{"rendered":"<p>Chromium Picolinate con L-Carnitina. Forma de cromo (picolinato) para mejorar su absorci\u00f3n en el cuerpo.<\/p>\n","protected":false},"featured_media":937,"comment_status":"open","ping_status":"closed","template":"","meta":{"_joinchat":[]},"product_cat":[50,34],"product_tag":[49],"class_list":["post-916","product","type-product","status-publish","has-post-thumbnail","hentry","product_cat-minerales","product_cat-suplementos-dietarios","product_tag-purpura"],"_links":{"self":[{"href":"https:\/\/medicalgreen.com\/en\/wp-json\/wp\/v2\/product\/916","targetHints":{"allow":["GET"]}}],"collection":[{"href":"https:\/\/medicalgreen.com\/en\/wp-json\/wp\/v2\/product"}],"about":[{"href":"https:\/\/medicalgreen.com\/en\/wp-json\/wp\/v2\/types\/product"}],"replies":[{"embeddable":true,"href":"https:\/\/medicalgreen.com\/en\/wp-json\/wp\/v2\/comments?post=916"}],"wp:featuredmedia":[{"embeddable":true,"href":"https:\/\/medicalgreen.com\/en\/wp-json\/wp\/v2\/media\/937"}],"wp:attachment":[{"href":"https:\/\/medicalgreen.com\/en\/wp-json\/wp\/v2\/media?parent=916"}],"wp:term":[{"taxonomy":"product_cat","embeddable":true,"href":"https:\/\/medicalgreen.com\/en\/wp-json\/wp\/v2\/product_cat?post=916"},{"taxonomy":"product_tag","embeddable":true,"href":"https:\/\/medicalgreen.com\/en\/wp-json\/wp\/v2\/product_tag?post=916"}],"curies":[{"name":"wp","href":"https:\/\/api.w.org\/{rel}","templated":true}]}}